{"id":13,"date":"2023-10-25T12:51:07","date_gmt":"2023-10-25T12:51:07","guid":{"rendered":"https:\/\/monikahejger.pl\/?page_id=13"},"modified":"2023-12-21T22:42:01","modified_gmt":"2023-12-21T22:42:01","slug":"kontakt-monika-hejger","status":"publish","type":"page","link":"https:\/\/monikahejger.pl\/index.php\/kontakt-monika-hejger\/","title":{"rendered":"Kontakt"},"content":{"rendered":"\t\t<div data-elementor-type=\"wp-page\" data-elementor-id=\"13\" class=\"elementor elementor-13\">\n\t\t\t\t<div class=\"elementor-element elementor-element-b717e1e e-con-full e-flex e-con e-parent\" data-id=\"b717e1e\" data-element_type=\"container\" data-settings=\"{&quot;background_background&quot;:&quot;classic&quot;}\">\n\t\t\t\t<div class=\"elementor-element elementor-element-8954e47 elementor-widget__width-initial elementor-widget elementor-widget-image\" data-id=\"8954e47\" data-element_type=\"widget\" data-widget_type=\"image.default\">\n\t\t\t\t<div class=\"elementor-widget-container\">\n\t\t\t\t\t\t\t\t\t\t\t\t\t\t\t<img fetchpriority=\"high\" decoding=\"async\" width=\"6912\" height=\"3456\" src=\"https:\/\/monikahejger.pl\/wp-content\/uploads\/2023\/10\/kontakt.png\" class=\"attachment-full size-full wp-image-105\" alt=\"\" srcset=\"https:\/\/monikahejger.pl\/wp-content\/uploads\/2023\/10\/kontakt.png 6912w, https:\/\/monikahejger.pl\/wp-content\/uploads\/2023\/10\/kontakt-300x150.png 300w, https:\/\/monikahejger.pl\/wp-content\/uploads\/2023\/10\/kontakt-1024x512.png 1024w, https:\/\/monikahejger.pl\/wp-content\/uploads\/2023\/10\/kontakt-768x384.png 768w, https:\/\/monikahejger.pl\/wp-content\/uploads\/2023\/10\/kontakt-1536x768.png 1536w, https:\/\/monikahejger.pl\/wp-content\/uploads\/2023\/10\/kontakt-2048x1024.png 2048w\" sizes=\"(max-width: 6912px) 100vw, 6912px\" \/>\t\t\t\t\t\t\t\t\t\t\t\t\t\t\t<\/div>\n\t\t\t\t<\/div>\n\t\t\t\t<\/div>\n\t\t<div class=\"elementor-element elementor-element-4cb6cb7 e-flex e-con-boxed e-con e-parent\" data-id=\"4cb6cb7\" data-element_type=\"container\">\n\t\t\t\t\t<div class=\"e-con-inner\">\n\t\t\t\t<div class=\"elementor-element elementor-element-05367d7 elementor-widget-divider--view-line elementor-widget elementor-widget-divider\" data-id=\"05367d7\" data-element_type=\"widget\" data-widget_type=\"divider.default\">\n\t\t\t\t<div class=\"elementor-widget-container\">\n\t\t\t\t\t\t\t<div class=\"elementor-divider\">\n\t\t\t<span class=\"elementor-divider-separator\">\n\t\t\t\t\t\t<\/span>\n\t\t<\/div>\n\t\t\t\t\t\t<\/div>\n\t\t\t\t<\/div>\n\t\t\t\t<div class=\"elementor-element elementor-element-c4bf400 elementor-widget-divider--view-line elementor-widget elementor-widget-divider\" data-id=\"c4bf400\" data-element_type=\"widget\" data-widget_type=\"divider.default\">\n\t\t\t\t<div class=\"elementor-widget-container\">\n\t\t\t\t\t\t\t<div class=\"elementor-divider\">\n\t\t\t<span class=\"elementor-divider-separator\">\n\t\t\t\t\t\t<\/span>\n\t\t<\/div>\n\t\t\t\t\t\t<\/div>\n\t\t\t\t<\/div>\n\t\t\t\t\t<\/div>\n\t\t\t\t<\/div>\n\t\t<div class=\"elementor-element elementor-element-2bf7058 e-flex e-con-boxed e-con e-parent\" data-id=\"2bf7058\" data-element_type=\"container\">\n\t\t\t\t\t<div class=\"e-con-inner\">\n\t\t\t\t<div class=\"elementor-element elementor-element-c529d39 elementor-widget elementor-widget-text-editor\" data-id=\"c529d39\" data-element_type=\"widget\" data-widget_type=\"text-editor.default\">\n\t\t\t\t<div class=\"elementor-widget-container\">\n\t\t\t\t\t\t\t\t\t<p>Je\u015bli czujesz porozumienie my\u015bli, a moje kadry wpisuj\u0105 si\u0119 w Twoj\u0105 wra\u017cliwo\u015b\u0107 i estetyk\u0119&#8230;<br \/>Odezwij si\u0119, stworzymy razem co\u015b pi\u0119knego i na zawsze&#8230;<\/p>\t\t\t\t\t\t\t\t<\/div>\n\t\t\t\t<\/div>\n\t\t\t\t\t<\/div>\n\t\t\t\t<\/div>\n\t\t<div class=\"elementor-element elementor-element-06f173c e-con-full e-flex e-con e-parent\" data-id=\"06f173c\" data-element_type=\"container\" id=\"kontakt\">\n\t\t<div class=\"elementor-element elementor-element-e7d4959 e-con-full e-flex e-con e-child\" data-id=\"e7d4959\" data-element_type=\"container\">\n\t\t\t\t<div class=\"elementor-element elementor-element-a24dc0b elementor-widget elementor-widget-image\" data-id=\"a24dc0b\" data-element_type=\"widget\" data-widget_type=\"image.default\">\n\t\t\t\t<div class=\"elementor-widget-container\">\n\t\t\t\t\t\t\t\t\t\t\t\t\t\t\t<img decoding=\"async\" width=\"1264\" height=\"1449\" src=\"https:\/\/monikahejger.pl\/wp-content\/uploads\/2023\/12\/Untitledmohe.png\" class=\"attachment-full size-full wp-image-906\" alt=\"\" srcset=\"https:\/\/monikahejger.pl\/wp-content\/uploads\/2023\/12\/Untitledmohe.png 1264w, https:\/\/monikahejger.pl\/wp-content\/uploads\/2023\/12\/Untitledmohe-262x300.png 262w, https:\/\/monikahejger.pl\/wp-content\/uploads\/2023\/12\/Untitledmohe-893x1024.png 893w, https:\/\/monikahejger.pl\/wp-content\/uploads\/2023\/12\/Untitledmohe-768x880.png 768w\" sizes=\"(max-width: 1264px) 100vw, 1264px\" \/>\t\t\t\t\t\t\t\t\t\t\t\t\t\t\t<\/div>\n\t\t\t\t<\/div>\n\t\t\t\t<\/div>\n\t\t\t\t<div class=\"elementor-element elementor-element-45a60cc fluentform-widget-submit-button-left fluentform-widget-submit-button-center fluentform-widget-submit-button-custom elementor-widget elementor-widget-fluent-form-widget\" data-id=\"45a60cc\" data-element_type=\"widget\" data-widget_type=\"fluent-form-widget.default\">\n\t\t\t\t<div class=\"elementor-widget-container\">\n\t\t\t\t\t\n            <div class=\"fluentform-widget-wrapper hide-fluent-form-labels fluentform-widget-align-left\">\n\n            \n            <div class='fluentform ff-default fluentform_wrapper_1 ffs_default_wrap'><form data-form_id=\"1\" id=\"fluentform_1\" class=\"frm-fluent-form fluent_form_1 ff-el-form-top ff_form_instance_1_1 ff-form-loading ffs_default\" data-form_instance=\"ff_form_instance_1_1\" method=\"POST\" ><fieldset  style=\"border: none!important;margin: 0!important;padding: 0!important;background-color: transparent!important;box-shadow: none!important;outline: none!important; min-inline-size: 100%;\">\n                    <legend class=\"ff_screen_reader_title\" style=\"display: block; margin: 0!important;padding: 0!important;height: 0!important;text-indent: -999999px;width: 0!important;overflow:hidden;\">Contact Form Demo<\/legend><p style=\"display: none !important;\" class=\"akismet-fields-container\" data-prefix=\"ak_\"><label>&#916;<textarea name=\"ak_hp_textarea\" cols=\"45\" rows=\"8\" maxlength=\"100\"><\/textarea><\/label><input type=\"hidden\" id=\"ak_js_1\" name=\"ak_js\" value=\"185\"\/><script>document.getElementById( \"ak_js_1\" ).setAttribute( \"value\", ( new Date() ).getTime() );<\/script><\/p><input type='hidden' name='__fluent_form_embded_post_id' value='13' \/><input type=\"hidden\" id=\"_fluentform_1_fluentformnonce\" name=\"_fluentform_1_fluentformnonce\" value=\"be522a9f46\" \/><input type=\"hidden\" name=\"_wp_http_referer\" value=\"\/index.php\/wp-json\/wp\/v2\/pages\/13\" \/><div data-type=\"name-element\" data-name=\"names\" class=\" ff-field_container ff-name-field-wrapper\" ><div class='ff-t-container'><div class='ff-t-cell '><div class='ff-el-group'><div class=\"ff-el-input--label ff-el-is-required asterisk-right\"><label for='ff_1_names_first_name_' id='label_ff_1_names_first_name_' >Imi\u0119<\/label><\/div><div class='ff-el-input--content'><input type=\"text\" name=\"names[first_name]\" id=\"ff_1_names_first_name_\" class=\"ff-el-form-control\" placeholder=\"Imi\u0119\" aria-invalid=\"false\" aria-required=true><\/div><\/div><\/div><div class='ff-t-cell '><div class='ff-el-group'><div class=\"ff-el-input--label ff-el-is-required asterisk-right\"><label for='ff_1_names_last_name_' id='label_ff_1_names_last_name_' >Nazwisko<\/label><\/div><div class='ff-el-input--content'><input type=\"text\" name=\"names[last_name]\" id=\"ff_1_names_last_name_\" class=\"ff-el-form-control\" placeholder=\"Nazwisko\" aria-invalid=\"false\" aria-required=true><\/div><\/div><\/div><\/div><\/div><div class='ff-el-group'><div class=\"ff-el-input--label ff-el-is-required asterisk-right\"><label for='ff_1_email' id='label_ff_1_email' aria-label=\"Email\">Email<\/label><\/div><div class='ff-el-input--content'><input type=\"email\" name=\"email\" id=\"ff_1_email\" class=\"ff-el-form-control\" placeholder=\"Adres e-mail\" data-name=\"email\"  aria-invalid=\"false\" aria-required=true><\/div><\/div><div class='ff-el-group'><div class=\"ff-el-input--label ff-el-is-required asterisk-right\"><label for='ff_1_message_1' id='label_ff_1_message_1' aria-label=\"Your Message\">Your Message<\/label><\/div><div class='ff-el-input--content'><textarea aria-required=\"true\" aria-labelledby=\"label_ff_1_message_1\" name=\"message_1\" id=\"ff_1_message_1\" class=\"ff-el-form-control\" placeholder=\"Rodzaj us\u0142ugi\" rows=\"2\" cols=\"2\" data-name=\"message_1\" ><\/textarea><\/div><\/div><div class='ff-el-group'><div class=\"ff-el-input--label ff-el-is-required asterisk-right\"><label for='ff_1_message' id='label_ff_1_message' aria-label=\"Your Message\">Your Message<\/label><\/div><div class='ff-el-input--content'><textarea aria-required=\"true\" aria-labelledby=\"label_ff_1_message\" name=\"message\" id=\"ff_1_message\" class=\"ff-el-form-control\" placeholder=\"Napisz prosz\u0119 par\u0119 s\u0142\u00f3w o sobie oraz jakim terminem jeste\u015b zainteresowana?\" rows=\"2\" cols=\"2\" data-name=\"message\" ><\/textarea><\/div><\/div><div class='ff-el-group'><div class=\"ff-el-input--label ff-el-is-required asterisk-right\"><label   aria-label=\"Jak do mnie trafi\u0142a\u015b?\">Jak do mnie trafi\u0142a\u015b?<\/label><\/div><div class='ff-el-input--content'><div class='ff-el-form-check ff-el-form-check-'><label class='ff-el-form-check-label' for='input_radio_7a8bdb87a440ef10c4e175b399816426'><input  type=\"radio\" name=\"input_radio\" data-name=\"input_radio\" class=\"ff-el-form-check-input ff-el-form-check-radio\" value=\"Facebook\"  id='input_radio_7a8bdb87a440ef10c4e175b399816426' aria-label='Facebook' aria-invalid='false' aria-required=true> <span>Facebook<\/span><\/label><\/div><div class='ff-el-form-check ff-el-form-check-'><label class='ff-el-form-check-label' for='input_radio_f6b0e4f8b4232e6c883a4b0419352091'><input  type=\"radio\" name=\"input_radio\" data-name=\"input_radio\" class=\"ff-el-form-check-input ff-el-form-check-radio\" value=\"Instagram\"  id='input_radio_f6b0e4f8b4232e6c883a4b0419352091' aria-label='Instagram' aria-invalid='false' aria-required=true> <span>Instagram<\/span><\/label><\/div><div class='ff-el-form-check ff-el-form-check-'><label class='ff-el-form-check-label' for='input_radio_dc8e4fc52c45d863fc88bff21caeb97b'><input  type=\"radio\" name=\"input_radio\" data-name=\"input_radio\" class=\"ff-el-form-check-input ff-el-form-check-radio\" value=\"Wyszukiwarka\"  id='input_radio_dc8e4fc52c45d863fc88bff21caeb97b' aria-label='Wyszukiwarka' aria-invalid='false' aria-required=true> <span>Wyszukiwarka<\/span><\/label><\/div><div class='ff-el-form-check ff-el-form-check-'><label class='ff-el-form-check-label' for='input_radio_5fac7007fbe6cdcda2a9ceded829289d'><input  type=\"radio\" name=\"input_radio\" data-name=\"input_radio\" class=\"ff-el-form-check-input ff-el-form-check-radio\" value=\"Polecenie\"  id='input_radio_5fac7007fbe6cdcda2a9ceded829289d' aria-label='Polecenie' aria-invalid='false' aria-required=true> <span>Polecenie<\/span><\/label><\/div><\/div><\/div><div class='ff-el-group    ff-el-input--content'><div class='ff-el-form-check ff-el-tc'><label aria-label='Wype\u0142niaj\u0105c ten formularz, podajesz mi swoje dane, kt\u00f3re b\u0119d\u0119 przetwarza\u0107 w celu prowadzenia z Tob\u0105 korespondencji na zasadach okre\u015blonych w Polityce prywatno\u015bci' class='ff-el-form-check-label ff_tc_label' for=gdpr-agreement_bed7ab984f2cfb562ad15f9368712ae1><span class='ff_tc_checkbox'><input type=\"checkbox\" name=\"gdpr-agreement\" class=\"ff-el-form-check-input ff_gdpr_field\" data-name=\"gdpr-agreement\" id=\"gdpr-agreement_bed7ab984f2cfb562ad15f9368712ae1\"  value='on' aria-invalid='false' aria-required=true><\/span> <div class='ff_t_c'>Wype\u0142niaj\u0105c ten formularz, podajesz mi swoje dane, kt\u00f3re b\u0119d\u0119 przetwarza\u0107 w celu prowadzenia z Tob\u0105 korespondencji na zasadach okre\u015blonych w Polityce prywatno\u015bci <\/div><\/label><\/div><\/div><div class='ff-el-group ff-text-left ff_submit_btn_wrapper'><button type=\"submit\" class=\"ff-btn ff-btn-submit ff-btn-md ff_btn_style\"  aria-label=\"Wy\u015blij zapytanie\">Wy\u015blij zapytanie<\/button><\/div><\/fieldset><\/form><div id='fluentform_1_errors' class='ff-errors-in-stack ff_form_instance_1_1 ff-form-loading_errors ff_form_instance_1_1_errors'><\/div><\/div>            <script type=\"text\/javascript\">\n                window.fluent_form_ff_form_instance_1_1 = {\"id\":\"1\",\"ajaxUrl\":\"https:\\\/\\\/monikahejger.pl\\\/wp-admin\\\/admin-ajax.php\",\"settings\":{\"layout\":{\"labelPlacement\":\"top\",\"helpMessagePlacement\":\"with_label\",\"errorMessagePlacement\":\"inline\",\"cssClassName\":\"\",\"asteriskPlacement\":\"asterisk-right\"},\"restrictions\":{\"denyEmptySubmission\":{\"enabled\":false}}},\"form_instance\":\"ff_form_instance_1_1\",\"form_id_selector\":\"fluentform_1\",\"rules\":{\"names[first_name]\":{\"required\":{\"value\":true,\"message\":\"This field is required\"}},\"names[middle_name]\":{\"required\":{\"value\":false,\"message\":\"This field is required\"}},\"names[last_name]\":{\"required\":{\"value\":true,\"message\":\"To pole jest obowi\\u0105zkowe\"}},\"email\":{\"required\":{\"value\":true,\"message\":\"This field is required\"},\"email\":{\"value\":true,\"message\":\"This field must contain a valid email\"}},\"message_1\":{\"required\":{\"value\":true,\"message\":\"This field is required\"}},\"message\":{\"required\":{\"value\":true,\"message\":\"This field is required\"}},\"input_radio\":{\"required\":{\"value\":true,\"message\":\"This field is required\"}},\"gdpr-agreement\":{\"required\":{\"value\":true,\"message\":\"This field is required\"}}},\"debounce_time\":300};\n                            <\/script>\n                        <\/div>\n\n            \t\t\t\t<\/div>\n\t\t\t\t<\/div>\n\t\t\t\t<\/div>\n\t\t<div class=\"elementor-element elementor-element-a8e3417 e-flex e-con-boxed e-con e-parent\" data-id=\"a8e3417\" data-element_type=\"container\">\n\t\t\t\t\t<div class=\"e-con-inner\">\n\t\t\t\t\t<\/div>\n\t\t\t\t<\/div>\n\t\t\t\t<\/div>\n\t\t","protected":false},"excerpt":{"rendered":"<p>Je\u015bli czujesz porozumienie my\u015bli, a moje kadry wpisuj\u0105 si\u0119 w Twoj\u0105 wra\u017cliwo\u015b\u0107 i estetyk\u0119&#8230;Odezwij si\u0119, stworzymy razem co\u015b pi\u0119knego i na zawsze&#8230; Contact Form Demo &#916; Imi\u0119NazwiskoEmailYour MessageYour MessageJak do mnie trafi\u0142a\u015b? Facebook Instagram Wyszukiwarka Polecenie Wype\u0142niaj\u0105c ten formularz, podajesz mi swoje dane, kt\u00f3re b\u0119d\u0119 przetwarza\u0107 w celu prowadzenia z Tob\u0105 korespondencji na zasadach okre\u015blonych&hellip;&nbsp;<a href=\"https:\/\/monikahejger.pl\/index.php\/kontakt-monika-hejger\/\" rel=\"bookmark\">Dowiedz si\u0119 wi\u0119cej &raquo;<span class=\"screen-reader-text\">Kontakt<\/span><\/a><\/p>\n","protected":false},"author":1,"featured_media":0,"parent":0,"menu_order":0,"comment_status":"closed","ping_status":"closed","template":"","meta":{"neve_meta_sidebar":"full-width","neve_meta_container":"full-width","neve_meta_enable_content_width":"on","neve_meta_content_width":100,"neve_meta_title_alignment":"","neve_meta_author_avatar":"","neve_post_elements_order":"","neve_meta_disable_header":"","neve_meta_disable_footer":"","neve_meta_disable_title":"on","footnotes":""},"_links":{"self":[{"href":"https:\/\/monikahejger.pl\/index.php\/wp-json\/wp\/v2\/pages\/13"}],"collection":[{"href":"https:\/\/monikahejger.pl\/index.php\/wp-json\/wp\/v2\/pages"}],"about":[{"href":"https:\/\/monikahejger.pl\/index.php\/wp-json\/wp\/v2\/types\/page"}],"author":[{"embeddable":true,"href":"https:\/\/monikahejger.pl\/index.php\/wp-json\/wp\/v2\/users\/1"}],"replies":[{"embeddable":true,"href":"https:\/\/monikahejger.pl\/index.php\/wp-json\/wp\/v2\/comments?post=13"}],"version-history":[{"count":80,"href":"https:\/\/monikahejger.pl\/index.php\/wp-json\/wp\/v2\/pages\/13\/revisions"}],"predecessor-version":[{"id":1025,"href":"https:\/\/monikahejger.pl\/index.php\/wp-json\/wp\/v2\/pages\/13\/revisions\/1025"}],"wp:attachment":[{"href":"https:\/\/monikahejger.pl\/index.php\/wp-json\/wp\/v2\/media?parent=13"}],"curies":[{"name":"wp","href":"https:\/\/api.w.org\/{rel}","templated":true}]}}