{"id":571,"date":"2023-11-27T10:15:24","date_gmt":"2023-11-27T10:15:24","guid":{"rendered":"https:\/\/monikahejger.pl\/?page_id=571"},"modified":"2023-12-28T21:49:43","modified_gmt":"2023-12-28T21:49:43","slug":"regulamin-sesji","status":"publish","type":"page","link":"https:\/\/monikahejger.pl\/index.php\/regulamin-sesji\/","title":{"rendered":"Regulamin sesji"},"content":{"rendered":"\n<p>Je\u015bli moje fotografie zach\u0119ci\u0142y Was do wsp\u00f3\u0142pracy oznacza, \u017ce cenicie naturalne, emocjonalne i czu\u0142e kadry.&nbsp;<\/p>\n\n\n\n<p>Jednocze\u015bnie potwierdzacie, \u017ce zapoznali\u015bcie si\u0119 z moim portfolio, akceptujecie m\u00f3j styl pracy fotograficznej: percepcj\u0119 kadru, obrazu, kolorystyk\u0119 wykonywanych zdj\u0119\u0107, efekt ko\u0144cowy post produkcji jak i og\u00f3ln\u0105 estetyk\u0119 wykonywanych fotografii. Zgadzacie si\u0119 r\u00f3wnie\u017c z moj\u0105 artystyczn\u0105 interpretacj\u0105 fotograficzn\u0105 zdj\u0119\u0107.&nbsp;<\/p>\n\n\n\n<p>REGULAMIN SESJI ZDJ\u0118CIOWYCH<\/p>\n\n\n\n<ol>\n<li>Rezerwacja sesji zdj\u0119ciowej jest r\u00f3wnoznaczna z <strong>akceptacj\u0105 regulaminu.&nbsp; <\/strong>Stanowi on podstaw\u0119 umowy, kt\u00f3rej warunk\u00f3w zobowi\u0105zujemy si\u0119 wzajemnie dotrzyma\u0107.<\/li>\n\n\n\n<li>Prosz\u0119 o wydrukowanie, zaparafowanie oraz odes\u0142anie przed um\u00f3wion\u0105 sesj\u0105 na adres mailowy kontakt@monikahejger.pl <strong>uzupe\u0142nionego druku regulaminu. <\/strong>Pozwoli mi to na zebranie najwa\u017cniejszych danych o Was i dalszy kontakt, aby um\u00f3wi\u0107 spotkanie.<\/li>\n\n\n\n<li>Wszelkie spory i roszczenia b\u0119d\u0105 rozpatrywane w odniesieniu do punkt\u00f3w tego regulaminu.<\/li>\n\n\n\n<li>Sesje realizuj\u0119 w plenerze, w Waszym domu oraz w wynaj\u0119tej przestrzeni: studio fotograficzne (np. Luks Sfera, Interiorum, Arthub, Onegog, Sort Studio), przestrze\u0144 hotelowa, kawiarnia, muzeum, palmiarnia itd. Koszt wynajmu le\u017cy po Waszej stronie i stanowi dodatkow\u0105 op\u0142at\u0119.&nbsp;<\/li>\n\n\n\n<li>Potraktujcie sesj\u0119 zdj\u0119ciow\u0105 jako wyj\u0105tkowy czas dla Was, kiedy b\u0119dziecie zrelaksowani i w pe\u0142ni skupieni na sobie. Efekt ko\u0144cowy zale\u017cny jest od wsp\u00f3\u0142pracy i zaanga\u017cowania obu stron. Najwa\u017cniejsze jest, aby\u015bcie zabrali ze sob\u0105 dobry humor i pozytywne nastawienie.<\/li>\n\n\n\n<li>Ze swojej strony zapewniam, \u017ce posiadam odpowiednie wykszta\u0142cenie oraz do\u015bwiadczenie w zakresie wykonywania sesji oraz reporta\u017cy fotograficznych, a moja praca jest efektem dzia\u0142ano\u015bci tw\u00f3rczej. Ponadto o\u015bwiadczam, \u017ce dysponuj\u0119 odpowiednim sprz\u0119tem fotograficznym niezb\u0119dnym do wykonania zlecenia fotograficznego.<\/li>\n\n\n\n<li>Gwarantuj\u0119 wykonanie us\u0142ugi na poziome pokazanym w moich mediach spo\u0142eczno\u015bciowych oraz portfolio. Efekt finalny sesji zale\u017cy tak\u017ce od Waszego zaanga\u017cowania. Podczas sesji wspieram, podpowiadam je\u015bli jest taka potrzeba, ale nie wymagam \u017cadnego profesjonalnego przygotowania.<\/li>\n\n\n\n<li>Na sesj\u0119 do klienta doje\u017cd\u017cam w odleg\u0142o\u015bci do 20 km od centrum Gda\u0144ska. Je\u015bli miejsce sesji znajduje si\u0119 w dalszej odleg\u0142o\u015bci pobieram op\u0142at\u0119 2 z\u0142\/km.<\/li>\n\n\n\n<li>W przypadku sesji plenerowych istnieje mo\u017cliwo\u015b\u0107 przeniesienia terminu spotkania jeden raz ze wzgl\u0119du na warunki pogodowe. Sesja odwo\u0142ywana jest na godzin\u0119 przed ustalonym terminem w przypadku porywistego wiatru, deszczu lub burzy.<\/li>\n\n\n\n<li>Decyduj\u0105c si\u0119 na sesj\u0119 w plenerze zadbajcie prosz\u0119 o ochron\u0119 przeciwko owadom, kleszczom, zwierz\u0119tom.Poruszaj\u0105c si\u0119 po lesie, pla\u017cy, \u0142\u0105ce, wzniesieniach, brzegach w\u00f3d zachowujemy zdrowy rozs\u0105dek i og\u00f3lnie przyj\u0119te zasady bezpiecze\u0144stwa.\u00a0<\/li>\n\n\n\n<li>Ubi\u00f3r na sesj\u0119 nale\u017cy dostosowa\u0107 do warunk\u00f3w panuj\u0105cych na dworze. Przygotowanie stroj\u00f3w le\u017cy po stronie Klienta, w przypadku w\u0105tpliwo\u015bci w doborze koloru i stylu ubra\u0144 wszystkich uczestnik\u00f3w oferuj\u0119 pomoc na konsultacji telefonicznej.<\/li>\n\n\n\n<li>Na sesj\u0119 plenerow\u0105 prosz\u0119 o maksymalne ograniczenie ilo\u015bci wzi\u0119tych rzeczy. Proponuj\u0119 wzi\u0105\u0107 ze sob\u0105 niezb\u0119dne minimum: dokumenty, spray na owady, wod\u0119, przek\u0105ski dla dzieci, koc, pieluszki, nawil\u017cane chusteczki, ubrania na zmian\u0119 &#8211; je\u015bli planujecie zmian\u0119 ubra\u0144 w trakcie sesji.\u00a0<\/li>\n\n\n\n<li>W przypadku sesji w domu prosz\u0119 o wysprz\u0105tanie mieszkania, pouk\u0142adanie zabawek, pochowanie kabli oraz rzeczy, kt\u00f3re maj\u0105 na sobie du\u017ce napisy. Je\u015bli macie obawy, \u017ce Wasze mieszkanie nie nadaje si\u0119 do sesji wy\u015blijcie mi prosz\u0119 zdj\u0119cia mieszkania tak, abym mog\u0142a ustali\u0107 jakie panuj\u0105 u Was warunki o\u015bwietleniowe.<\/li>\n\n\n\n<li>Po wykonanej sesji fotograficznej zabezpieczam materia\u0142 na dyskach. Nast\u0119pnie do 21 dni od sesji dokonuj\u0119 selekcji zdj\u0119\u0107, kt\u00f3re zostan\u0105 poddane edycji. Fotografie do wyboru otrzymujecie poprzez udost\u0119pnienie zdj\u0119\u0107 z roboczym logo poprzez serwis Photonesto.\u00a0<\/li>\n\n\n\n<li>Galeria zdj\u0119\u0107 w Photonesto sk\u0142ada si\u0119 z wyselekcjonowanych i poddanych postprodukcji zdj\u0119\u0107 w programie Lightroom. Na wyb\u00f3r zdj\u0119\u0107 macie 7 dni od udost\u0119pnienia materia\u0142u. Po dokonaniu wyboru, zostaje w\u0142\u0105czona mo\u017cliwo\u015b\u0107 pobrania plik\u00f3w elektronicznych. Galeria jest aktywna przez 6 miesi\u0119cy od jej utworzenia a link mo\u017cecie udost\u0119pnia\u0107 rodzinie czy przyjacio\u0142om.<\/li>\n\n\n\n<li>Pozosta\u0142e produkty takie jak: fotobrazy, fotoksi\u0105\u017cki, albumy, materia\u0142owe pude\u0142ka, pendrive s\u0105 produktami dodatkowymi, wycenianymi osobno wed\u0142ug cennika produkt\u00f3w.<\/li>\n\n\n\n<li>Pliki od dnia wyboru przechowuj\u0119 do 6 miesi\u0119cy. Po tym czasie usuwam pliki z moich dysk\u00f3w. Prosz\u0119 o zrobienie kilku kopii dla siebie poprzez pobieranie zdj\u0119\u0107 z udost\u0119pnionej galerii.<\/li>\n\n\n\n<li>Nie oddaj\u0119 nieobrobionych zdj\u0119\u0107, nie ma mo\u017cliwo\u015bci wykupienia nieobrobionych zdj\u0119\u0107. Nie udost\u0119pniam surowych plik\u00f3w RAW. W przypadku sesji, kt\u00f3ra nie jest sesj\u0105 beauty czy produktow\u0105 nie korzystam z Photoshopa: nie wykonuj\u0119 zaawansowanego retuszu twarzy, nie przerabiam sylwetek, nie odchudzam, nie usuwam napis\u00f3w na ubraniach. Stawiam na naturalno\u015b\u0107 i autentyczno\u015b\u0107. W przypadku sesji domowych: nie usuwam mebli, nie przestawiam dodatk\u00f3w i dekoracji.<\/li>\n\n\n\n<li>Mo\u017cliwo\u015b\u0107 zaprezentowania wykonanych przeze mnie zdj\u0119\u0107 stanowi wa\u017cny element mojej tw\u00f3rczej dzia\u0142alno\u015bci. Bior\u0105c udzia\u0142 w sesji <strong>wyra\u017cacie zgod\u0119<\/strong> na wykorzystywanie swojego wizerunku oraz imion do w celach promocyjnych mojej tw\u00f3rczo\u015bci (publikacje zdj\u0119\u0107 w mediach spo\u0142eczno\u015bciowych, mojej stronie internetowej, portfolio, albumach). <strong>Zgodnie z prawem zgoda mo\u017ce zosta\u0107 w ka\u017cdej chwili cofni\u0119ta.\u00a0<\/strong><\/li>\n\n\n\n<li>Wraz z przekazaniem zdj\u0119\u0107 uzyskujecie prawo do ich wykorzystywania w celach niekomercyjnych, w tym do rozpowszechniania, drukowania i powielania (licencja). Wykorzystywanie zdj\u0119\u0107 do cel\u00f3w komercyjnych takich jak: reklamy, dzia\u0142ania marketingowe w\u0142asnych us\u0142ug, sprzeda\u017cy, opakowania itp. s\u0105 indywidualnie wyceniane i wymagaj\u0105 mojej pisemnej zgody (sesja biznesowa, wizerunkowa, produktowa, wn\u0119trz)\u00a0<\/li>\n\n\n\n<li>Nie zgadzam si\u0119 na kadrowanie, nak\u0142adanie filtr\u00f3w oraz inne modyfikacje moich autorskich fotografii &#8211; to ja jestem w\u0142a\u015bcicielk\u0105 praw autorskich.\u00a0<\/li>\n\n\n\n<li><strong>Wynagrodzenie za sesj\u0119 zdj\u0119ciow\u0105<\/strong> p\u0142atne jest w dw\u00f3ch cz\u0119\u015bciach: \u00a0 \u00a0 \u00a0 \u00a0 \u00a0 \u00a0 \u00a0 <br><strong>1)zadatek jako gwarancja rezerwacji terminu wysoko\u015bci 100 z\u0142 \u00a0 \u00a0 \u00a0 \u00a0<\/strong><br><strong>2)pozosta\u0142a kwota wed\u0142ug wybranego pakietu, kt\u00f3r\u0105 nale\u017cy ui\u015bci\u0107 w dniu sesji got\u00f3wk\u0105, przelewem lub BLIK.<\/strong><\/li>\n\n\n\n<li>Na cen\u0119 sesji sk\u0142ada si\u0119: czas potrzebny na obs\u0142ug\u0119 klienta, czas na selekcj\u0119 i edycj\u0119 zdj\u0119\u0107, koszt program\u00f3w, wirtualnej galerii, strony internetowej, wydruk zdj\u0119\u0107 oraz ich spakowanie (przy rezygnacji z odbitek nie rozliczam tego na poczet dodatkowych uj\u0119\u0107), amortyzacja sprz\u0119tu fotograficznego, koszty prowadzenia firmy, dojazd do klienta oraz moja wiedza i do\u015bwiadczenie.<\/li>\n\n\n\n<li>Ka\u017cdy pakiet sesji mo\u017cna wykupi\u0107 w formie voucheru prezentowego. Op\u0142ata za ca\u0142o\u015b\u0107 pobierana jest z g\u00f3ry, a wa\u017cno\u015b\u0107 voucheru w 2024 r. to 6 miesi\u0119cy. Na voucherze podana jest data ostatecznej realizacji bonu &#8211; nie data kontaktu w celu um\u00f3wienia si\u0119 na sesj\u0119. Prosz\u0119 o kontakt w celu um\u00f3wienia terminu 1-2 miesi\u0105ce przed planowan\u0105 sesj\u0105.\u00a0<\/li>\n<\/ol>\n\n\n\n<p><em>Regulamin obowi\u0105zuje od dnia 01.04.2019<\/em><\/p>\n\n\n\n<p><em>Ostatnia modyfikacja 24.11.2023<\/em><\/p>\n","protected":false},"excerpt":{"rendered":"<p>Je\u015bli moje fotografie zach\u0119ci\u0142y Was do wsp\u00f3\u0142pracy oznacza, \u017ce cenicie naturalne, emocjonalne i czu\u0142e kadry.&nbsp; Jednocze\u015bnie potwierdzacie, \u017ce zapoznali\u015bcie si\u0119 z moim portfolio, akceptujecie m\u00f3j styl pracy fotograficznej: percepcj\u0119 kadru, obrazu, kolorystyk\u0119 wykonywanych zdj\u0119\u0107, efekt ko\u0144cowy post produkcji jak i og\u00f3ln\u0105 estetyk\u0119 wykonywanych fotografii. Zgadzacie si\u0119 r\u00f3wnie\u017c z moj\u0105 artystyczn\u0105 interpretacj\u0105 fotograficzn\u0105 zdj\u0119\u0107.&nbsp; REGULAMIN SESJI&hellip;&nbsp;<a href=\"https:\/\/monikahejger.pl\/index.php\/regulamin-sesji\/\" rel=\"bookmark\">Dowiedz si\u0119 wi\u0119cej &raquo;<span class=\"screen-reader-text\">Regulamin sesji<\/span><\/a><\/p>\n","protected":false},"author":1,"featured_media":0,"parent":0,"menu_order":0,"comment_status":"closed","ping_status":"closed","template":"","meta":{"neve_meta_sidebar":"","neve_meta_container":"","neve_meta_enable_content_width":"","neve_meta_content_width":0,"neve_meta_title_alignment":"","neve_meta_author_avatar":"","neve_post_elements_order":"","neve_meta_disable_header":"","neve_meta_disable_footer":"","neve_meta_disable_title":"","footnotes":""},"_links":{"self":[{"href":"https:\/\/monikahejger.pl\/index.php\/wp-json\/wp\/v2\/pages\/571"}],"collection":[{"href":"https:\/\/monikahejger.pl\/index.php\/wp-json\/wp\/v2\/pages"}],"about":[{"href":"https:\/\/monikahejger.pl\/index.php\/wp-json\/wp\/v2\/types\/page"}],"author":[{"embeddable":true,"href":"https:\/\/monikahejger.pl\/index.php\/wp-json\/wp\/v2\/users\/1"}],"replies":[{"embeddable":true,"href":"https:\/\/monikahejger.pl\/index.php\/wp-json\/wp\/v2\/comments?post=571"}],"version-history":[{"count":2,"href":"https:\/\/monikahejger.pl\/index.php\/wp-json\/wp\/v2\/pages\/571\/revisions"}],"predecessor-version":[{"id":1088,"href":"https:\/\/monikahejger.pl\/index.php\/wp-json\/wp\/v2\/pages\/571\/revisions\/1088"}],"wp:attachment":[{"href":"https:\/\/monikahejger.pl\/index.php\/wp-json\/wp\/v2\/media?parent=571"}],"curies":[{"name":"wp","href":"https:\/\/api.w.org\/{rel}","templated":true}]}}